{"id":894,"date":"2021-01-05T10:35:53","date_gmt":"2021-01-05T09:35:53","guid":{"rendered":"https:\/\/geridamoto.com\/?page_id=894"},"modified":"2021-02-12T09:56:09","modified_gmt":"2021-02-12T08:56:09","slug":"vins-et-chemins","status":"publish","type":"page","link":"https:\/\/geridamoto.com\/es\/vins-et-chemins\/","title":{"rendered":"Vins et chemins"},"content":{"rendered":"<p>&nbsp;<\/p>\n<p><span style=\"font-weight: 400;\">Qui veut aller loin\u2026 M\u00e9nage sa monture\u2009! Vous connaissez le vieux proverbe. Pourtant nous vous garantissons des sensations avec cette balade \u00e0 th\u00e8me \u00ab\u2009Vins et Chemins\u2009\u00bb. Voici ce qu\u2019on vous propose\u00a0:<\/span><\/p>\n<p>&nbsp;<\/p>\n<h2><span style=\"font-weight: 400;\">Matin\u00a0:<\/span><\/h2>\n<p><span style=\"font-weight: 400;\">Caf\u00e9 et chocolat chaud locaux, quelques viennoiseries. De quoi partir sur de bonnes bases pour le reste du roadtrip\u2009!<\/span><\/p>\n<p><span style=\"font-weight: 400;\">Nous voil\u00e0 partis pour 2h30 de pilotage entrecoup\u00e9 par la visite d\u2019un <\/span><span style=\"font-weight: 400;\">Viticulteur.<\/span><span style=\"font-weight: 400;\"> Il vous fera d\u00e9couvrir la cl\u00e9 de sa production\u00a0: ses c\u00e9pages, ses m\u00e9thodes, ses valeurs.<\/span><\/p>\n<p>&nbsp;<\/p>\n<h2><span style=\"font-weight: 400;\">Midi\u00a0:\u00a0<\/span><\/h2>\n<p><span style=\"font-weight: 400;\">Au d\u00e9jeuner, nous vous proposons <\/span><span style=\"font-weight: 400;\">un moment d\u00e9contract\u00e9.<\/span><\/p>\n<p>&nbsp;<\/p>\n<h2><span style=\"font-weight: 400;\">Apr\u00e8s-midi\u00a0:<\/span><\/h2>\n<p><span style=\"font-weight: 400;\">Et c\u2019est reparti pour 2\u00a0h\u00a030 \u00e0 rouler sur les chemins de notre r\u00e9gion. Nous ferons un simple arr\u00eat vers un nouveau producteur\u2009; une nouvelle occasion pour vous de d\u00e9couvrir de belles robes et vignes.<\/span><\/p>\n<p>&nbsp;<\/p>\n<h2><span style=\"font-weight: 400;\">Fin de journ\u00e9e\u00a0:<\/span><\/h2>\n<p><span style=\"font-weight: 400;\">Si vous n\u2019avez pas peur d\u2019\u00eatre trop pompette, nous voici \u00e0 la fin de l\u2019itin\u00e9raire. Ici, 3\u00a0choix s\u2019offrent \u00e0 vous\u00a0:\u00a0<\/span><\/p>\n<p>&nbsp;<\/p>\n<ul>\n<li style=\"font-weight: 400;\" aria-level=\"1\"><span style=\"font-weight: 400;\">Choix n\u00b0\u00a01\u00a0: Vous repartez avec les bouteilles et plein de bons souvenirs \u00e0 raconter autour d\u2019un verre.<\/span><\/li>\n<li style=\"font-weight: 400;\" aria-level=\"1\"><span style=\"font-weight: 400;\">Choix n\u00b0\u00a02\u00a0: Un ap\u00e9ro pour trinquer tous ensemble \u00e0 cette belle aventure.<\/span><\/li>\n<li><span style=\"font-weight: 400;\">Choix n\u00b0\u00a03\u00a0: Vous avez r\u00e9serv\u00e9 une nuit avec nous, la moto est parqu\u00e9e, on vous propose une soir\u00e9e \u00ab\u2009<\/span><span style=\"font-weight: 400;\">mets et vins\u2009\u00bb<\/span><span style=\"font-weight: 400;\">\u2009!<\/span><\/li>\n<\/ul>\n","protected":false},"excerpt":{"rendered":"<p>&nbsp; Qui veut aller loin\u2026 M\u00e9nage sa monture\u2009! Vous connaissez le vieux proverbe. Pourtant nous vous garantissons des sensations avec cette balade \u00e0 th\u00e8me \u00ab\u2009Vins et Chemins\u2009\u00bb. Voici ce qu\u2019on vous propose\u00a0: &nbsp; Matin\u00a0: Caf\u00e9 et chocolat chaud locaux, quelques viennoiseries. De quoi partir sur de bonnes bases pour le reste du roadtrip\u2009! Nous voil\u00e0 [&hellip;]<\/p>\n","protected":false},"author":1,"featured_media":0,"parent":0,"menu_order":0,"comment_status":"closed","ping_status":"closed","template":"","meta":{"footnotes":""},"class_list":["post-894","page","type-page","status-publish","hentry"],"translation":{"provider":"WPGlobus","version":"3.0.0","language":"es","enabled_languages":["fr","en","es","de"],"languages":{"fr":{"title":true,"content":true,"excerpt":false},"en":{"title":false,"content":false,"excerpt":false},"es":{"title":false,"content":false,"excerpt":false},"de":{"title":false,"content":false,"excerpt":false}}},"_links":{"self":[{"href":"https:\/\/geridamoto.com\/es\/wp-json\/wp\/v2\/pages\/894","targetHints":{"allow":["GET"]}}],"collection":[{"href":"https:\/\/geridamoto.com\/es\/wp-json\/wp\/v2\/pages"}],"about":[{"href":"https:\/\/geridamoto.com\/es\/wp-json\/wp\/v2\/types\/page"}],"author":[{"embeddable":true,"href":"https:\/\/geridamoto.com\/es\/wp-json\/wp\/v2\/users\/1"}],"replies":[{"embeddable":true,"href":"https:\/\/geridamoto.com\/es\/wp-json\/wp\/v2\/comments?post=894"}],"version-history":[{"count":4,"href":"https:\/\/geridamoto.com\/es\/wp-json\/wp\/v2\/pages\/894\/revisions"}],"predecessor-version":[{"id":949,"href":"https:\/\/geridamoto.com\/es\/wp-json\/wp\/v2\/pages\/894\/revisions\/949"}],"wp:attachment":[{"href":"https:\/\/geridamoto.com\/es\/wp-json\/wp\/v2\/media?parent=894"}],"curies":[{"name":"wp","href":"https:\/\/api.w.org\/{rel}","templated":true}]}}