{"id":76,"date":"2019-02-23T08:52:07","date_gmt":"2019-02-23T07:52:07","guid":{"rendered":"http:\/\/localhost\/wordpress-4.9.4-fr_fr\/wordpress\/?page_id=76"},"modified":"2020-12-08T16:03:52","modified_gmt":"2020-12-08T15:03:52","slug":"les-bauges","status":"publish","type":"page","link":"https:\/\/geridamoto.com\/es\/nos-balades-a-moto\/les-bauges\/","title":{"rendered":"Roadtrip \u00e0 Moto sur le Massif des Bauges"},"content":{"rendered":"<h2><\/h2>\n<h2 style=\"text-align: center;\"><span style=\"font-weight: 400;\">Promenade \u00e0 moto sur les Bauges<\/span><\/h2>\n<p style=\"text-align: center;\"><span style=\"font-weight: 400;\">Connaissez-vous le massif des Bauges\u2009? Il s\u2019agit d\u2019un ensemble montagneux pr\u00e9c\u00e9dent les Alpes, partag\u00e9 entre la Haute-Savoie et la Savoie. Quoi de mieux qu\u2019une bonne montagne pour un petit roadtrip en moto, non\u2009? Vous pourrez d\u00e9couvrir lors de ce parcours les Bauges, dont le pic culmine \u00e0 2\u2009200\u00a0m\u00e8tres d\u2019altitude. Vous serez plong\u00e9 en plein c\u0153ur d\u2019un massif pr\u00e9alpin, et pourrez prendre les plus jolies routes de montagne. Cela vous promet non seulement de superbes sensations dans les boucles, mais aussi de tr\u00e8s beaux points de vue en hauteur. Partez \u00e0 la conqu\u00eate des cha\u00eenes des Aravis et du massif des Bornes, ainsi que du massif de la Chartreuse. Mais vous aurez peut-\u00eatre \u00e9galement l\u2019opportunit\u00e9 de longer le lac d\u2019Annecy, ou encore le lac du Bourget. Imaginez tout cela, au travers d\u2019une flore abondante et luxuriante, ou bien la t\u00eate au-dessus des nuages\u2026 Allez, vous \u00eates d\u00e9j\u00e0 convaincu par cette courte description\u2009? Passons donc \u00e0 l\u2019accompagnement\u2026<\/span><\/p>\n<h2 style=\"text-align: center;\"><span style=\"font-weight: 400;\">Des sp\u00e9cialit\u00e9s fromag\u00e8res\u2026 Mais pas que\u2009!<\/span><\/h2>\n<p style=\"text-align: center;\"><span style=\"font-weight: 400;\">Que diriez-vous d\u2019un petit plateau de fromages issu de la production locale\u2009? Les fins gourmets Geridamoto vous proposent la tome des Bauges, une sp\u00e9cialit\u00e9 fromag\u00e8re \u00e0 base de lait de vache. Si vous \u00eates surpris par cette orthographe avec un seul \u00ab\u2009m\u2009\u00bb, sachez qu\u2019elle permet de faire la diff\u00e9rence avec la tomme de Savoie. C\u00f4t\u00e9 ch\u00e8vre, vous pourrez appr\u00e9cier le chevrotin des Bauges. Cela ne vous tente pas\u2009? Vous pourrez alors plut\u00f4t fondre pour le vacherin des Bauges, ou bien le fromage de Tami\u00e9 qui est produit \u00e0 l\u2019abbaye Notre-Dame de Tami\u00e9. Diff\u00e9rentes fromageries ind\u00e9pendantes pourront \u00e9galement vous proposer des d\u00e9gustations de fromages \u00e9labor\u00e9s selon des recettes sp\u00e9ciales\u00a0: le Valbleu ou le Montpela, par exemple. Afin d\u2019accompagner tout cela, d\u00e9lectez-vous d\u2019autres mets confectionn\u00e9s localement\u00a0: des charcuteries et viandes, du vin, ou encore du miel.<\/span><\/p>\n<p>&nbsp;<\/p>\n<p style=\"text-align: center;\"><img loading=\"lazy\" decoding=\"async\" class=\"alignnone size-medium wp-image-589 aligncenter\" src=\"https:\/\/geridamoto.com\/wp-content\/uploads\/2020\/10\/bieres-fromages-bauges-300x298.png\" alt=\"\" width=\"300\" height=\"298\" srcset=\"https:\/\/geridamoto.com\/wp-content\/uploads\/2020\/10\/bieres-fromages-bauges-300x298.png 300w, https:\/\/geridamoto.com\/wp-content\/uploads\/2020\/10\/bieres-fromages-bauges-150x150.png 150w, https:\/\/geridamoto.com\/wp-content\/uploads\/2020\/10\/bieres-fromages-bauges-768x763.png 768w, https:\/\/geridamoto.com\/wp-content\/uploads\/2020\/10\/bieres-fromages-bauges.png 894w\" sizes=\"auto, (max-width: 300px) 100vw, 300px\" \/><\/p>\n<p>&nbsp;<\/p>\n<p>&nbsp;<\/p>\n","protected":false},"excerpt":{"rendered":"<p>Promenade \u00e0 moto sur les Bauges Connaissez-vous le massif des Bauges\u2009? Il s\u2019agit d\u2019un ensemble montagneux pr\u00e9c\u00e9dent les Alpes, partag\u00e9 entre la Haute-Savoie et la Savoie. Quoi de mieux qu\u2019une bonne montagne pour un petit roadtrip en moto, non\u2009? Vous pourrez d\u00e9couvrir lors de ce parcours les Bauges, dont le pic culmine \u00e0 2\u2009200\u00a0m\u00e8tres d\u2019altitude. [&hellip;]<\/p>\n","protected":false},"author":1,"featured_media":0,"parent":13,"menu_order":0,"comment_status":"open","ping_status":"closed","template":"","meta":{"footnotes":""},"class_list":["post-76","page","type-page","status-publish","hentry"],"translation":{"provider":"WPGlobus","version":"3.0.0","language":"es","enabled_languages":["fr","en","es","de"],"languages":{"fr":{"title":true,"content":true,"excerpt":false},"en":{"title":false,"content":false,"excerpt":false},"es":{"title":false,"content":false,"excerpt":false},"de":{"title":false,"content":false,"excerpt":false}}},"_links":{"self":[{"href":"https:\/\/geridamoto.com\/es\/wp-json\/wp\/v2\/pages\/76","targetHints":{"allow":["GET"]}}],"collection":[{"href":"https:\/\/geridamoto.com\/es\/wp-json\/wp\/v2\/pages"}],"about":[{"href":"https:\/\/geridamoto.com\/es\/wp-json\/wp\/v2\/types\/page"}],"author":[{"embeddable":true,"href":"https:\/\/geridamoto.com\/es\/wp-json\/wp\/v2\/users\/1"}],"replies":[{"embeddable":true,"href":"https:\/\/geridamoto.com\/es\/wp-json\/wp\/v2\/comments?post=76"}],"version-history":[{"count":8,"href":"https:\/\/geridamoto.com\/es\/wp-json\/wp\/v2\/pages\/76\/revisions"}],"predecessor-version":[{"id":856,"href":"https:\/\/geridamoto.com\/es\/wp-json\/wp\/v2\/pages\/76\/revisions\/856"}],"up":[{"embeddable":true,"href":"https:\/\/geridamoto.com\/es\/wp-json\/wp\/v2\/pages\/13"}],"wp:attachment":[{"href":"https:\/\/geridamoto.com\/es\/wp-json\/wp\/v2\/media?parent=76"}],"curies":[{"name":"wp","href":"https:\/\/api.w.org\/{rel}","templated":true}]}}