{"id":1393,"date":"2025-01-23T17:28:28","date_gmt":"2025-01-23T16:28:28","guid":{"rendered":"https:\/\/geridamoto.com\/?page_id=1393"},"modified":"2025-01-23T17:33:53","modified_gmt":"2025-01-23T16:33:53","slug":"jura","status":"publish","type":"page","link":"https:\/\/geridamoto.com\/es\/jura\/","title":{"rendered":"Jura"},"content":{"rendered":"<h2 style=\"text-align: center;\"><span style=\"font-weight: 400;\">Balade \u00e0 moto dans le Jura : \u00e7a va comt\u00e9 !<\/span><\/h2>\n<p style=\"text-align: center;\"><span style=\"font-weight: 400;\"><\/span><span style=\"font-weight: 400;\">Pr\u00e9parez-vous pour une aventure \u00e0 travers les majestueuses montagnes du Massif du Jura, o\u00f9 l&#8217;excitation de la route se marie avec la tradition gastronomique du Comt\u00e9. Notre road trip moto guid\u00e9 est bien plus qu&#8217;un simple voyage, c&#8217;est une immersion compl\u00e8te dans une r\u00e9gion riche en panoramas spectaculaires et en plaisirs culinaires.<\/p>\n<p>Le Comt\u00e9 est un fromage fran\u00e7ais renomm\u00e9 \u00e0 l&#8217;\u00e9chelle mondiale. Pendant votre voyage, d\u00e9couvrez ce fromage d\u00e9licieux directement \u00e0 la source.<\/p>\n<p>D\u00e9part \u00e0 7h30 de D\u00e9cathlon Beynost<br \/>\n3h de route avec une pause au milieu, possibilit\u00e9 d&#8217;acheter du Comt\u00e9 et autres fromages d&#8217;une fruiti\u00e8re dans l&#8217;Ain au rapport qualit\u00e9 prix imbattable avant de rejoindre le Jura. J&#8217;ai une glaci\u00e8re si jamais vous n&#8217;en avez pas !<br \/>\nRepas dans un restaurant qui propose des produits locaux !<br \/>\nVisite de 1h30 du fort les rousses et ses caves \u00e0 Comt\u00e9<br \/>\nOn repart pour 1h15 de routes pour une arriv\u00e9e au alentours d&#8217;Oyonnax !<br \/>\nEnviron 250 km de Beynost \u00e0 Oyonnax sur la journ\u00e9e.<\/span><\/p>\n","protected":false},"excerpt":{"rendered":"<p>Balade \u00e0 moto dans le Jura : \u00e7a va comt\u00e9 ! Pr\u00e9parez-vous pour une aventure \u00e0 travers les majestueuses montagnes du Massif du Jura, o\u00f9 l&#8217;excitation de la route se marie avec la tradition gastronomique du Comt\u00e9. Notre road trip moto guid\u00e9 est bien plus qu&#8217;un simple voyage, c&#8217;est une immersion compl\u00e8te dans une r\u00e9gion [&hellip;]<\/p>\n","protected":false},"author":1,"featured_media":0,"parent":0,"menu_order":0,"comment_status":"closed","ping_status":"closed","template":"","meta":{"footnotes":""},"class_list":["post-1393","page","type-page","status-publish","hentry"],"translation":{"provider":"WPGlobus","version":"3.0.0","language":"es","enabled_languages":["fr","en","es","de"],"languages":{"fr":{"title":true,"content":true,"excerpt":false},"en":{"title":false,"content":false,"excerpt":false},"es":{"title":false,"content":false,"excerpt":false},"de":{"title":false,"content":false,"excerpt":false}}},"_links":{"self":[{"href":"https:\/\/geridamoto.com\/es\/wp-json\/wp\/v2\/pages\/1393","targetHints":{"allow":["GET"]}}],"collection":[{"href":"https:\/\/geridamoto.com\/es\/wp-json\/wp\/v2\/pages"}],"about":[{"href":"https:\/\/geridamoto.com\/es\/wp-json\/wp\/v2\/types\/page"}],"author":[{"embeddable":true,"href":"https:\/\/geridamoto.com\/es\/wp-json\/wp\/v2\/users\/1"}],"replies":[{"embeddable":true,"href":"https:\/\/geridamoto.com\/es\/wp-json\/wp\/v2\/comments?post=1393"}],"version-history":[{"count":3,"href":"https:\/\/geridamoto.com\/es\/wp-json\/wp\/v2\/pages\/1393\/revisions"}],"predecessor-version":[{"id":1396,"href":"https:\/\/geridamoto.com\/es\/wp-json\/wp\/v2\/pages\/1393\/revisions\/1396"}],"wp:attachment":[{"href":"https:\/\/geridamoto.com\/es\/wp-json\/wp\/v2\/media?parent=1393"}],"curies":[{"name":"wp","href":"https:\/\/api.w.org\/{rel}","templated":true}]}}