{"id":1174,"date":"2022-09-23T21:06:08","date_gmt":"2022-09-23T19:06:08","guid":{"rendered":"https:\/\/geridamoto.com\/?page_id=1174"},"modified":"2025-01-14T09:57:57","modified_gmt":"2025-01-14T08:57:57","slug":"newsletter","status":"publish","type":"page","link":"https:\/\/geridamoto.com\/es\/newsletter\/","title":{"rendered":"Inscrivez vous \u00e0 notre newsletter pour \u00eatre inform\u00e9 1 \u00e0 2 fois par mois de nos prochaines balades !"},"content":{"rendered":"<h1><\/h1>\n<p><iframe loading=\"lazy\" width=\"540\" height=\"650\" src=\"https:\/\/6e256fbf.sibforms.com\/serve\/MUIFAFP4lo_FEhedJ5vCB7JqsX1xi3r7WBt0txtNnk_MIah8fcuuNbIdAygKD6jLXTErN3O-ctvVwk-PqT8cBisnyw8MCNuCSfnimloxTdAb92aI0_CxY7g2k_04QdIVVazZHquIKx2ZxjfG1jXwOv2OgmOGy26cT093hWMH_quRW2X30DUPISv5AFkvYXkjKVozZomZDW7b2B19\" frameborder=\"0\" scrolling=\"auto\" allowfullscreen style=\"display: block;margin-left: auto;margin-right: auto;max-width: 100%;\"><\/iframe><\/p>\n","protected":false},"excerpt":{"rendered":"","protected":false},"author":1,"featured_media":1348,"parent":0,"menu_order":0,"comment_status":"closed","ping_status":"closed","template":"","meta":{"footnotes":""},"class_list":["post-1174","page","type-page","status-publish","has-post-thumbnail","hentry"],"translation":{"provider":"WPGlobus","version":"3.0.0","language":"es","enabled_languages":["fr","en","es","de"],"languages":{"fr":{"title":true,"content":true,"excerpt":false},"en":{"title":false,"content":false,"excerpt":false},"es":{"title":false,"content":false,"excerpt":false},"de":{"title":false,"content":false,"excerpt":false}}},"_links":{"self":[{"href":"https:\/\/geridamoto.com\/es\/wp-json\/wp\/v2\/pages\/1174","targetHints":{"allow":["GET"]}}],"collection":[{"href":"https:\/\/geridamoto.com\/es\/wp-json\/wp\/v2\/pages"}],"about":[{"href":"https:\/\/geridamoto.com\/es\/wp-json\/wp\/v2\/types\/page"}],"author":[{"embeddable":true,"href":"https:\/\/geridamoto.com\/es\/wp-json\/wp\/v2\/users\/1"}],"replies":[{"embeddable":true,"href":"https:\/\/geridamoto.com\/es\/wp-json\/wp\/v2\/comments?post=1174"}],"version-history":[{"count":11,"href":"https:\/\/geridamoto.com\/es\/wp-json\/wp\/v2\/pages\/1174\/revisions"}],"predecessor-version":[{"id":1352,"href":"https:\/\/geridamoto.com\/es\/wp-json\/wp\/v2\/pages\/1174\/revisions\/1352"}],"wp:featuredmedia":[{"embeddable":true,"href":"https:\/\/geridamoto.com\/es\/wp-json\/wp\/v2\/media\/1348"}],"wp:attachment":[{"href":"https:\/\/geridamoto.com\/es\/wp-json\/wp\/v2\/media?parent=1174"}],"curies":[{"name":"wp","href":"https:\/\/api.w.org\/{rel}","templated":true}]}}