{"id":78,"date":"2019-02-23T08:53:06","date_gmt":"2019-02-23T07:53:06","guid":{"rendered":"http:\/\/localhost\/wordpress-4.9.4-fr_fr\/wordpress\/?page_id=78"},"modified":"2025-01-21T10:07:12","modified_gmt":"2025-01-21T09:07:12","slug":"le-beaujolais","status":"publish","type":"page","link":"https:\/\/geridamoto.com\/en\/nos-balades-a-moto\/le-beaujolais\/","title":{"rendered":"Roadtrip en moto dans le Beaujolais"},"content":{"rendered":"<h2><\/h2>\n<h2 style=\"text-align: center;\"><span style=\"font-weight: 400;\">Le Beaujolais, ses vins et ses routes pour votre plus grand plaisir<\/span><\/h2>\n<p style=\"text-align: center;\"><span style=\"font-weight: 400;\">Vous allez d\u00e9guster, et pas seulement des paysages ! Explorez le Beaujolais, c\u00e9l\u00e8bre pour son vin, lors d&#8217;un roadtrip inoubliable. Parcourez les routes entre vignobles et montagnes, d\u00e9gustez des rouges fruit\u00e9s issus du Gamay, et rencontrez des producteurs passionn\u00e9s. Un voyage sensoriel et visuel vous attend, mais n&#8217;oubliez pas : d\u00e9gustation ou conduite, choisissez votre priorit\u00e9, il faudra crach\u00e9 et prendre \u00e0 emporter !\u00a0<\/span><\/p>\n<p><iframe loading=\"lazy\" width=\"560\" height=\"315\" src=\"https:\/\/www.youtube.com\/embed\/nLoOUPF5NUc?si=8OKrSXaSWP97xGNk\" title=\"YouTube video player\" frameborder=\"0\" allow=\"accelerometer; autoplay; clipboard-write; encrypted-media; gyroscope; picture-in-picture; web-share\" referrerpolicy=\"strict-origin-when-cross-origin\" allowfullscreen><\/iframe><\/p>\n","protected":false},"excerpt":{"rendered":"<p>Le Beaujolais, ses vins et ses routes pour votre plus grand plaisir Vous allez d\u00e9guster, et pas seulement des paysages ! Explorez le Beaujolais, c\u00e9l\u00e8bre pour son vin, lors d&#8217;un roadtrip inoubliable. Parcourez les routes entre vignobles et montagnes, d\u00e9gustez des rouges fruit\u00e9s issus du Gamay, et rencontrez des producteurs passionn\u00e9s. Un voyage sensoriel et [&hellip;]<\/p>\n","protected":false},"author":1,"featured_media":0,"parent":13,"menu_order":0,"comment_status":"open","ping_status":"closed","template":"","meta":{"footnotes":""},"class_list":["post-78","page","type-page","status-publish","hentry"],"translation":{"provider":"WPGlobus","version":"3.0.0","language":"en","enabled_languages":["fr","en","es","de"],"languages":{"fr":{"title":true,"content":true,"excerpt":false},"en":{"title":false,"content":false,"excerpt":false},"es":{"title":false,"content":false,"excerpt":false},"de":{"title":false,"content":false,"excerpt":false}}},"_links":{"self":[{"href":"https:\/\/geridamoto.com\/en\/wp-json\/wp\/v2\/pages\/78","targetHints":{"allow":["GET"]}}],"collection":[{"href":"https:\/\/geridamoto.com\/en\/wp-json\/wp\/v2\/pages"}],"about":[{"href":"https:\/\/geridamoto.com\/en\/wp-json\/wp\/v2\/types\/page"}],"author":[{"embeddable":true,"href":"https:\/\/geridamoto.com\/en\/wp-json\/wp\/v2\/users\/1"}],"replies":[{"embeddable":true,"href":"https:\/\/geridamoto.com\/en\/wp-json\/wp\/v2\/comments?post=78"}],"version-history":[{"count":19,"href":"https:\/\/geridamoto.com\/en\/wp-json\/wp\/v2\/pages\/78\/revisions"}],"predecessor-version":[{"id":1380,"href":"https:\/\/geridamoto.com\/en\/wp-json\/wp\/v2\/pages\/78\/revisions\/1380"}],"up":[{"embeddable":true,"href":"https:\/\/geridamoto.com\/en\/wp-json\/wp\/v2\/pages\/13"}],"wp:attachment":[{"href":"https:\/\/geridamoto.com\/en\/wp-json\/wp\/v2\/media?parent=78"}],"curies":[{"name":"wp","href":"https:\/\/api.w.org\/{rel}","templated":true}]}}