{"id":724,"date":"2020-11-15T21:02:54","date_gmt":"2020-11-15T20:02:54","guid":{"rendered":"https:\/\/geridamoto.com\/?page_id=724"},"modified":"2020-11-16T22:47:26","modified_gmt":"2020-11-16T21:47:26","slug":"commentaires","status":"publish","type":"page","link":"https:\/\/geridamoto.com\/en\/commentaires\/","title":{"rendered":"Commentaires (1)"},"content":{"rendered":"<p>Vous voulez voir des avis? Vous avez aim\u00e9 une balade? Vous avez des choses \u00e0 dire? Vous pouvez vous exprimer ici, nous tiendrons compte de tous vos commentaires et y r\u00e9pondront si n\u00e9cessaire.<\/p>\n<p>Pour cr\u00e9er un commentaire, cliquer sur &#8220;create your own review&#8221;.<\/p>\n<p>Merci d&#8217; avance.<\/p>\n","protected":false},"excerpt":{"rendered":"<p>Vous voulez voir des avis? Vous avez aim\u00e9 une balade? Vous avez des choses \u00e0 dire? Vous pouvez vous exprimer ici, nous tiendrons compte de tous vos commentaires et y r\u00e9pondront si n\u00e9cessaire. Pour cr\u00e9er un commentaire, cliquer sur &#8220;create your own review&#8221;. Merci d&#8217; avance.<\/p>\n","protected":false},"author":1,"featured_media":143,"parent":0,"menu_order":0,"comment_status":"closed","ping_status":"closed","template":"","meta":{"footnotes":""},"class_list":["post-724","page","type-page","status-publish","has-post-thumbnail","hentry"],"translation":{"provider":"WPGlobus","version":"3.0.0","language":"en","enabled_languages":["fr","en","es","de"],"languages":{"fr":{"title":true,"content":true,"excerpt":false},"en":{"title":false,"content":false,"excerpt":false},"es":{"title":false,"content":false,"excerpt":false},"de":{"title":false,"content":false,"excerpt":false}}},"_links":{"self":[{"href":"https:\/\/geridamoto.com\/en\/wp-json\/wp\/v2\/pages\/724","targetHints":{"allow":["GET"]}}],"collection":[{"href":"https:\/\/geridamoto.com\/en\/wp-json\/wp\/v2\/pages"}],"about":[{"href":"https:\/\/geridamoto.com\/en\/wp-json\/wp\/v2\/types\/page"}],"author":[{"embeddable":true,"href":"https:\/\/geridamoto.com\/en\/wp-json\/wp\/v2\/users\/1"}],"replies":[{"embeddable":true,"href":"https:\/\/geridamoto.com\/en\/wp-json\/wp\/v2\/comments?post=724"}],"version-history":[{"count":11,"href":"https:\/\/geridamoto.com\/en\/wp-json\/wp\/v2\/pages\/724\/revisions"}],"predecessor-version":[{"id":767,"href":"https:\/\/geridamoto.com\/en\/wp-json\/wp\/v2\/pages\/724\/revisions\/767"}],"wp:featuredmedia":[{"embeddable":true,"href":"https:\/\/geridamoto.com\/en\/wp-json\/wp\/v2\/media\/143"}],"wp:attachment":[{"href":"https:\/\/geridamoto.com\/en\/wp-json\/wp\/v2\/media?parent=724"}],"curies":[{"name":"wp","href":"https:\/\/api.w.org\/{rel}","templated":true}]}}