{"id":72,"date":"2019-02-23T08:47:48","date_gmt":"2019-02-23T07:47:48","guid":{"rendered":"http:\/\/localhost\/wordpress-4.9.4-fr_fr\/wordpress\/?page_id=72"},"modified":"2025-01-24T11:13:52","modified_gmt":"2025-01-24T10:13:52","slug":"massif-de-la-chartreuse","status":"publish","type":"page","link":"https:\/\/geridamoto.com\/en\/nos-balades-a-moto\/massif-de-la-chartreuse\/","title":{"rendered":"Balade \u00e0 Moto sur le Massif de la Chartreuse"},"content":{"rendered":"<p><iframe loading=\"lazy\" title=\"YouTube video player\" src=\"https:\/\/www.youtube.com\/embed\/HYP_i0P-uxY?si=fULBSc9TEvDntPqx\" width=\"560\" height=\"315\" frameborder=\"0\" allowfullscreen=\"allowfullscreen\"><\/iframe><\/p>\n<h2 style=\"text-align: center;\"><span style=\"font-weight: 400;\">Un itin\u00e9raire gourmand sur la Chartreuse<\/span><\/h2>\n<p style=\"text-align: center;\"><span style=\"font-weight: 400;\">Au niveau <\/span><span style=\"font-weight: 400;\">culinaire, vous pourrez vous procurer quelques bouteilles de Chartreuse, une liqueur concoct\u00e9e et distill\u00e9e au plein c\u0153ur du massif en Is\u00e8re, \u00e0 Entre-deux-Guiers. Une d\u00e9gustation s\u2019impose \u00e9galement afin de go\u00fbter \u00e0 plusieurs types de fromages locaux\u00a0: la tomme de Chartreuse, le D\u00e9lice et bien d&#8217;autres. Mais la Chartreuse est aussi productrice de safran, l\u2019or rouge, c\u2019est un peu le \u00ab\u2009caviar\u2009\u00bb des \u00e9pices\u2026 Enfin, vous pourrez appr\u00e9cier la proximit\u00e9 avec la Savoie pour savourer des sp\u00e9cialit\u00e9s du coin\u00a0: les vins de Savoie, les diots, la fondue et la tartiflette, bien s\u00fbr\u2009! Si cela vous met en app\u00e9tit, n\u2019h\u00e9sitez pas \u00e0 <\/span><a href=\"https:\/\/geridamoto.com\/contact\/\"><span style=\"font-weight: 400;\">nous contacter<\/span><\/a><span style=\"font-weight: 400;\"> pour r\u00e9server ou obtenir plus d\u2019informations. <\/span><\/p>\n<p><img loading=\"lazy\" decoding=\"async\" class=\"alignnone wp-image-609 size-medium\" src=\"https:\/\/geridamoto.com\/wp-content\/uploads\/2020\/11\/chartreuse-2-300x225.jpg\" alt=\"\" width=\"300\" height=\"225\" srcset=\"https:\/\/geridamoto.com\/wp-content\/uploads\/2020\/11\/chartreuse-2-300x225.jpg 300w, https:\/\/geridamoto.com\/wp-content\/uploads\/2020\/11\/chartreuse-2-768x576.jpg 768w, https:\/\/geridamoto.com\/wp-content\/uploads\/2020\/11\/chartreuse-2-1024x768.jpg 1024w, https:\/\/geridamoto.com\/wp-content\/uploads\/2020\/11\/chartreuse-2.jpg 1372w\" sizes=\"auto, (max-width: 300px) 100vw, 300px\" \/><img loading=\"lazy\" decoding=\"async\" class=\"alignnone size-medium wp-image-608\" style=\"font-size: 1rem;\" src=\"https:\/\/geridamoto.com\/wp-content\/uploads\/2020\/11\/chartreuse-1-300x225.jpg\" alt=\"\" width=\"300\" height=\"225\" srcset=\"https:\/\/geridamoto.com\/wp-content\/uploads\/2020\/11\/chartreuse-1-300x225.jpg 300w, https:\/\/geridamoto.com\/wp-content\/uploads\/2020\/11\/chartreuse-1-768x576.jpg 768w, https:\/\/geridamoto.com\/wp-content\/uploads\/2020\/11\/chartreuse-1-1024x768.jpg 1024w, https:\/\/geridamoto.com\/wp-content\/uploads\/2020\/11\/chartreuse-1.jpg 1487w\" sizes=\"auto, (max-width: 300px) 100vw, 300px\" \/><img loading=\"lazy\" decoding=\"async\" class=\"alignnone size-medium wp-image-619\" src=\"https:\/\/geridamoto.com\/wp-content\/uploads\/2020\/11\/Chartreuse-3-300x225.jpg\" alt=\"\" width=\"300\" height=\"225\" srcset=\"https:\/\/geridamoto.com\/wp-content\/uploads\/2020\/11\/Chartreuse-3-300x225.jpg 300w, https:\/\/geridamoto.com\/wp-content\/uploads\/2020\/11\/Chartreuse-3-768x576.jpg 768w, https:\/\/geridamoto.com\/wp-content\/uploads\/2020\/11\/Chartreuse-3-1024x768.jpg 1024w, https:\/\/geridamoto.com\/wp-content\/uploads\/2020\/11\/Chartreuse-3.jpg 1372w\" sizes=\"auto, (max-width: 300px) 100vw, 300px\" \/><\/p>\n","protected":false},"excerpt":{"rendered":"<p>Un itin\u00e9raire gourmand sur la Chartreuse Au niveau culinaire, vous pourrez vous procurer quelques bouteilles de Chartreuse, une liqueur concoct\u00e9e et distill\u00e9e au plein c\u0153ur du massif en Is\u00e8re, \u00e0 Entre-deux-Guiers. Une d\u00e9gustation s\u2019impose \u00e9galement afin de go\u00fbter \u00e0 plusieurs types de fromages locaux\u00a0: la tomme de Chartreuse, le D\u00e9lice et bien d&#8217;autres. Mais la [&hellip;]<\/p>\n","protected":false},"author":1,"featured_media":0,"parent":13,"menu_order":0,"comment_status":"open","ping_status":"closed","template":"","meta":{"footnotes":""},"class_list":["post-72","page","type-page","status-publish","hentry"],"translation":{"provider":"WPGlobus","version":"3.0.0","language":"en","enabled_languages":["fr","en","es","de"],"languages":{"fr":{"title":true,"content":true,"excerpt":false},"en":{"title":false,"content":false,"excerpt":false},"es":{"title":false,"content":false,"excerpt":false},"de":{"title":false,"content":false,"excerpt":false}}},"_links":{"self":[{"href":"https:\/\/geridamoto.com\/en\/wp-json\/wp\/v2\/pages\/72","targetHints":{"allow":["GET"]}}],"collection":[{"href":"https:\/\/geridamoto.com\/en\/wp-json\/wp\/v2\/pages"}],"about":[{"href":"https:\/\/geridamoto.com\/en\/wp-json\/wp\/v2\/types\/page"}],"author":[{"embeddable":true,"href":"https:\/\/geridamoto.com\/en\/wp-json\/wp\/v2\/users\/1"}],"replies":[{"embeddable":true,"href":"https:\/\/geridamoto.com\/en\/wp-json\/wp\/v2\/comments?post=72"}],"version-history":[{"count":14,"href":"https:\/\/geridamoto.com\/en\/wp-json\/wp\/v2\/pages\/72\/revisions"}],"predecessor-version":[{"id":1379,"href":"https:\/\/geridamoto.com\/en\/wp-json\/wp\/v2\/pages\/72\/revisions\/1379"}],"up":[{"embeddable":true,"href":"https:\/\/geridamoto.com\/en\/wp-json\/wp\/v2\/pages\/13"}],"wp:attachment":[{"href":"https:\/\/geridamoto.com\/en\/wp-json\/wp\/v2\/media?parent=72"}],"curies":[{"name":"wp","href":"https:\/\/api.w.org\/{rel}","templated":true}]}}