{"id":68,"date":"2019-02-23T08:37:02","date_gmt":"2019-02-23T07:37:02","guid":{"rendered":"http:\/\/localhost\/wordpress-4.9.4-fr_fr\/wordpress\/?page_id=68"},"modified":"2025-01-21T11:47:20","modified_gmt":"2025-01-21T10:47:20","slug":"massif-du-vercors","status":"publish","type":"page","link":"https:\/\/geridamoto.com\/en\/nos-balades-a-moto\/massif-du-vercors\/","title":{"rendered":"Balade \u00e0 Moto sur le Massif du Vercors"},"content":{"rendered":"<h2 style=\"text-align: center;\"><span style=\"font-weight: 400;\">Le Massif du Vercors \u00e0 Moto : prenez-en plein la vue !<\/span><\/h2>\n<p style=\"text-align: center;\"><span style=\"font-weight: 400;\">Partez \u00e0 l&#8217;aventure avec Geridamoto sur les routes du Vercors. D\u00e9couvrez des paysages magnifiques, rencontrez des producteurs locaux passionn\u00e9s et visitez une distillerie de whisky pour une exp\u00e9rience unique. \u00c0 midi, savourez du locale avec des ravioles, de la truite, du fromage ou de la charcuterie. Un voyage en moto qui marie d\u00e9couverte et plaisir des sens !\u2026<\/span><\/p>\n<p><iframe loading=\"lazy\" title=\"YouTube video player\" src=\"https:\/\/www.youtube.com\/embed\/-fMG9VIMkoU?si=p0oxrLq-cvY79Y_M\" width=\"560\" height=\"315\" frameborder=\"0\" allowfullscreen=\"allowfullscreen\"><\/iframe><\/p>\n","protected":false},"excerpt":{"rendered":"<p>Le Massif du Vercors \u00e0 Moto : prenez-en plein la vue ! Partez \u00e0 l&#8217;aventure avec Geridamoto sur les routes du Vercors. D\u00e9couvrez des paysages magnifiques, rencontrez des producteurs locaux passionn\u00e9s et visitez une distillerie de whisky pour une exp\u00e9rience unique. \u00c0 midi, savourez du locale avec des ravioles, de la truite, du fromage ou [&hellip;]<\/p>\n","protected":false},"author":1,"featured_media":0,"parent":13,"menu_order":0,"comment_status":"open","ping_status":"closed","template":"","meta":{"footnotes":""},"class_list":["post-68","page","type-page","status-publish","hentry"],"translation":{"provider":"WPGlobus","version":"3.0.0","language":"en","enabled_languages":["fr","en","es","de"],"languages":{"fr":{"title":true,"content":true,"excerpt":false},"en":{"title":false,"content":false,"excerpt":false},"es":{"title":false,"content":false,"excerpt":false},"de":{"title":false,"content":true,"excerpt":false}}},"_links":{"self":[{"href":"https:\/\/geridamoto.com\/en\/wp-json\/wp\/v2\/pages\/68","targetHints":{"allow":["GET"]}}],"collection":[{"href":"https:\/\/geridamoto.com\/en\/wp-json\/wp\/v2\/pages"}],"about":[{"href":"https:\/\/geridamoto.com\/en\/wp-json\/wp\/v2\/types\/page"}],"author":[{"embeddable":true,"href":"https:\/\/geridamoto.com\/en\/wp-json\/wp\/v2\/users\/1"}],"replies":[{"embeddable":true,"href":"https:\/\/geridamoto.com\/en\/wp-json\/wp\/v2\/comments?post=68"}],"version-history":[{"count":17,"href":"https:\/\/geridamoto.com\/en\/wp-json\/wp\/v2\/pages\/68\/revisions"}],"predecessor-version":[{"id":1381,"href":"https:\/\/geridamoto.com\/en\/wp-json\/wp\/v2\/pages\/68\/revisions\/1381"}],"up":[{"embeddable":true,"href":"https:\/\/geridamoto.com\/en\/wp-json\/wp\/v2\/pages\/13"}],"wp:attachment":[{"href":"https:\/\/geridamoto.com\/en\/wp-json\/wp\/v2\/media?parent=68"}],"curies":[{"name":"wp","href":"https:\/\/api.w.org\/{rel}","templated":true}]}}