{"id":2,"date":"2018-03-08T22:03:04","date_gmt":"2018-03-08T21:03:04","guid":{"rendered":"http:\/\/localhost\/wordpress-4.9.4-fr_fr\/wordpress\/?page_id=2"},"modified":"2025-01-21T15:41:07","modified_gmt":"2025-01-21T14:41:07","slug":"monts-du-lyonnais-et-mont-du-pilat","status":"publish","type":"page","link":"https:\/\/geridamoto.com\/en\/nos-balades-a-moto\/monts-du-lyonnais-et-mont-du-pilat\/","title":{"rendered":"Roadtrip Monts du Lyonnais et du Pilat"},"content":{"rendered":"<h2>\u00a0<\/h2>\r\n<h2 style=\"text-align: center;\"><span style=\"font-weight: 400;\">Roadtrip \u00e0 moto dans les Monts du Lyonnais et du Pilat<\/span><\/h2>\r\n<p style=\"text-align: center;\"><span style=\"font-weight: 400;\"><\/span><span style=\"font-weight: 400;\">Avec Geridamoto, explorez les Monts du Lyonnais et le Parc du Pilat en moto. Parcourez des routes sinueuses et admirez des paysages. Faites des haltes chez des producteurs locaux pour d\u00e9couvrir leurs produits et partagez des moments authentiques. \u00c0 midi, savourez des sp\u00e9cialit\u00e9s locales. Une aventure en moto simple, belle et pleine de d\u00e9couvertes !<\/span><\/p>\r\n<iframe loading=\"lazy\" width=\"560\" height=\"315\" src=\"https:\/\/www.youtube.com\/embed\/DYj02o3QpDM?si=ruikUiW3AsT6oShy\" title=\"YouTube video player\" frameborder=\"0\" allow=\"accelerometer; autoplay; clipboard-write; encrypted-media; gyroscope; picture-in-picture; web-share\" referrerpolicy=\"strict-origin-when-cross-origin\" allowfullscreen><\/iframe>\r\n\r\n<p><img loading=\"lazy\" decoding=\"async\" class=\"alignnone size-medium wp-image-614\" src=\"https:\/\/geridamoto.com\/wp-content\/uploads\/2020\/11\/Mont-du-lyonnais-1-300x225.jpg\" alt=\"\" width=\"300\" height=\"225\" srcset=\"https:\/\/geridamoto.com\/wp-content\/uploads\/2020\/11\/Mont-du-lyonnais-1-300x225.jpg 300w, https:\/\/geridamoto.com\/wp-content\/uploads\/2020\/11\/Mont-du-lyonnais-1-768x576.jpg 768w, https:\/\/geridamoto.com\/wp-content\/uploads\/2020\/11\/Mont-du-lyonnais-1-1024x768.jpg 1024w, https:\/\/geridamoto.com\/wp-content\/uploads\/2020\/11\/Mont-du-lyonnais-1.jpg 1372w\" sizes=\"auto, (max-width: 300px) 100vw, 300px\" \/><img loading=\"lazy\" decoding=\"async\" class=\"alignnone size-medium wp-image-615\" style=\"font-size: 1rem;\" src=\"https:\/\/geridamoto.com\/wp-content\/uploads\/2020\/11\/Mont-du-lyonnais-2-300x225.jpg\" alt=\"\" width=\"300\" height=\"225\" srcset=\"https:\/\/geridamoto.com\/wp-content\/uploads\/2020\/11\/Mont-du-lyonnais-2-300x225.jpg 300w, https:\/\/geridamoto.com\/wp-content\/uploads\/2020\/11\/Mont-du-lyonnais-2-768x576.jpg 768w, https:\/\/geridamoto.com\/wp-content\/uploads\/2020\/11\/Mont-du-lyonnais-2-1024x768.jpg 1024w, https:\/\/geridamoto.com\/wp-content\/uploads\/2020\/11\/Mont-du-lyonnais-2.jpg 1372w\" sizes=\"auto, (max-width: 300px) 100vw, 300px\" \/><img loading=\"lazy\" decoding=\"async\" class=\"alignnone size-medium wp-image-616\" src=\"https:\/\/geridamoto.com\/wp-content\/uploads\/2020\/11\/Mont-du-lyonnais-3-300x225.jpg\" alt=\"\" width=\"300\" height=\"225\" srcset=\"https:\/\/geridamoto.com\/wp-content\/uploads\/2020\/11\/Mont-du-lyonnais-3-300x225.jpg 300w, https:\/\/geridamoto.com\/wp-content\/uploads\/2020\/11\/Mont-du-lyonnais-3-768x576.jpg 768w, https:\/\/geridamoto.com\/wp-content\/uploads\/2020\/11\/Mont-du-lyonnais-3-1024x768.jpg 1024w, https:\/\/geridamoto.com\/wp-content\/uploads\/2020\/11\/Mont-du-lyonnais-3.jpg 1372w\" sizes=\"auto, (max-width: 300px) 100vw, 300px\" \/><\/p>\r\n<!-- \/wp:paragraph -->\r\n\r\n<!-- wp:heading --><!-- \/wp:heading -->\r\n\r\n<!-- wp:paragraph -->\r\n<p>&nbsp;<\/p>\r\n<!-- \/wp:paragraph -->","protected":false},"excerpt":{"rendered":"<p>\u00a0 Roadtrip \u00e0 moto dans les Monts du Lyonnais et du Pilat Avec Geridamoto, explorez les Monts du Lyonnais et le Parc du Pilat en moto. Parcourez des routes sinueuses et admirez des paysages. Faites des haltes chez des producteurs locaux pour d\u00e9couvrir leurs produits et partagez des moments authentiques. \u00c0 midi, savourez des sp\u00e9cialit\u00e9s [&hellip;]<\/p>\n","protected":false},"author":1,"featured_media":0,"parent":13,"menu_order":0,"comment_status":"closed","ping_status":"closed","template":"","meta":{"footnotes":""},"class_list":["post-2","page","type-page","status-publish","hentry"],"translation":{"provider":"WPGlobus","version":"3.0.0","language":"en","enabled_languages":["fr","en","es","de"],"languages":{"fr":{"title":true,"content":true,"excerpt":false},"en":{"title":false,"content":false,"excerpt":false},"es":{"title":false,"content":false,"excerpt":false},"de":{"title":true,"content":true,"excerpt":false}}},"_links":{"self":[{"href":"https:\/\/geridamoto.com\/en\/wp-json\/wp\/v2\/pages\/2","targetHints":{"allow":["GET"]}}],"collection":[{"href":"https:\/\/geridamoto.com\/en\/wp-json\/wp\/v2\/pages"}],"about":[{"href":"https:\/\/geridamoto.com\/en\/wp-json\/wp\/v2\/types\/page"}],"author":[{"embeddable":true,"href":"https:\/\/geridamoto.com\/en\/wp-json\/wp\/v2\/users\/1"}],"replies":[{"embeddable":true,"href":"https:\/\/geridamoto.com\/en\/wp-json\/wp\/v2\/comments?post=2"}],"version-history":[{"count":18,"href":"https:\/\/geridamoto.com\/en\/wp-json\/wp\/v2\/pages\/2\/revisions"}],"predecessor-version":[{"id":1387,"href":"https:\/\/geridamoto.com\/en\/wp-json\/wp\/v2\/pages\/2\/revisions\/1387"}],"up":[{"embeddable":true,"href":"https:\/\/geridamoto.com\/en\/wp-json\/wp\/v2\/pages\/13"}],"wp:attachment":[{"href":"https:\/\/geridamoto.com\/en\/wp-json\/wp\/v2\/media?parent=2"}],"curies":[{"name":"wp","href":"https:\/\/api.w.org\/{rel}","templated":true}]}}