{"id":19,"date":"2018-03-08T22:23:35","date_gmt":"2018-03-08T21:23:35","guid":{"rendered":"http:\/\/localhost\/wordpress-4.9.4-fr_fr\/wordpress\/?page_id=19"},"modified":"2025-01-21T16:31:34","modified_gmt":"2025-01-21T15:31:34","slug":"notre-concept","status":"publish","type":"page","link":"https:\/\/geridamoto.com\/en\/notre-concept\/","title":{"rendered":"Notre concept | Balades gourmandes \u00e0 moto en Auvergne-Rh\u00f4ne-Alpes"},"content":{"rendered":"<p><span style=\"font-weight: 400;\">Notre concept est simple, chaque journ\u00e9e avec nous, vous d\u00e9couvrirez de belles routes, vous rencontrerez un producteur ou une productrice et vous degusterez son ou ses produits.<br \/>\nPeu importe ou nous mangerons le midi, des produits locaux seront toujours propos\u00e9s. <\/span><br \/>\n&nbsp;<\/p>\n<h2><span style=\"font-weight: 400;\">Comment \u00e7a se passe une journ\u00e9e\u2009?<\/span><\/h2>\n<p><span style=\"font-weight: 400;\"><br \/>\n-D\u00e9part entre 7h30 et 9h30 suivant la journ\u00e9e<br \/>\n-Entre 200 et 250 km de petites routes<br \/>\n-D\u00e9couverte d&#8217;un producteur<br \/>\n-Repas de midi<br \/>\n<\/span><br \/>\n&nbsp;<\/p>\n<h2><span style=\"font-weight: 400;\">Qui sommes-nous\u2009?<\/span><\/h2>\n<p>&nbsp;<br \/>\n<span style=\"font-weight: 400;\">\u00ab\u2009La France est le paradis des motards.\u2009\u00bb<\/span><br \/>\n&nbsp;<br \/>\n<span style=\"font-weight: 400;\">\u00ab\u2009La France est le pays o\u00f9 l&#8217; on mange le mieux.\u2009\u00bb<\/span><br \/>\n<span style=\"font-weight: 400;\">\u00a0<\/span><br \/>\n<span style=\"font-weight: 400;\">C\u2019est en partant de ces constats que nous avons d\u00e9cid\u00e9 d\u2019ouvrir ce service sur le concept des roadtrips gustatifs \u00e0 moto. Notre envie, notre \u00e9lan, c\u2019est que vous <\/span><span style=\"font-weight: 400;\">puissiez ressentir <\/span><span style=\"font-weight: 400;\">toutes les \u00e9motions li\u00e9es \u00e0 la fois \u00e0 la pratique des routes et au plaisir des sens gustatifs.<\/span><br \/>\n&nbsp;<br \/>\n<span style=\"font-weight: 400;\">Guillaume, le p\u00e8re:<\/span><br \/>\n<span style=\"font-weight: 400;\">Apr\u00e8s 30\u00a0ans dans des entreprises commerciales en France et en Suisse, Guillaume a choisi une nouvelle voie vers les fromages. Des produits particuli\u00e8rement int\u00e9ressants, parce que \u00ab\u2009vivants\u2009\u00bb. Lors de sa formation, il a re\u00e7u l\u2019enseignement de plusieurs Meilleurs Ouvriers de France et a pass\u00e9 une ann\u00e9e au sein d\u2019une fromagerie de grande renomm\u00e9e aux halles Paul Bocuse de Lyon.<\/span><br \/>\n<span style=\"font-weight: 400;\">C\u2019est de son envie d\u2019ajouter la d\u00e9gustation de produits aux plaisirs de la moto que Geridamoto est n\u00e9.<\/span><br \/>\n&nbsp;<br \/>\n<span style=\"font-weight: 400;\">Geoffrey, le fils :<\/span><br \/>\n<span style=\"font-weight: 400;\">Pendant longtemps, il n\u2019a pas profit\u00e9 \u00e0 100\u00a0% de sa moto.<\/span><br \/>\n<span style=\"font-weight: 400;\">Nous avons tous des responsabilit\u00e9s et des contraintes. Pour lui, l\u2019organisation de la balade \u00e9tait une contrainte suppl\u00e9mentaire dont il n\u2019avait pas le temps de s\u2019occuper.<\/span><br \/>\n<span style=\"font-weight: 400;\">Il a travaill\u00e9 pendant 4 ans pour vous enlever cette contrainte et se l\u2019enlever, par la m\u00eame occasion\u2009!<\/span><br \/>\n<span style=\"font-weight: 400;\">Venez juste pour le plaisir, l\u2019organisation\u2009; il s\u2019en charge.<\/span><br \/>\n&nbsp;<br \/>\n<span style=\"font-weight: 400;\">Alors si cette exp\u00e9rience vous s\u00e9duit, qu\u2019attendez-vous\u2009? Faites vibrer votre moteur et laissez-vous tenter. Il s\u2019agit d\u2019une exp\u00e9rience unique \u00e0 vous offrir ou \u00e0 proposer \u00e0 vos proches, entre fans de moto. Rendez-vous dans la section contact, afin que nous puissions r\u00e9pondre \u00e0 vos questions et prendre vos r\u00e9servations. <\/span><br \/>\n&nbsp;<\/p>\n","protected":false},"excerpt":{"rendered":"<p>Notre concept est simple, chaque journ\u00e9e avec nous, vous d\u00e9couvrirez de belles routes, vous rencontrerez un producteur ou une productrice et vous degusterez son ou ses produits. Peu importe ou nous mangerons le midi, des produits locaux seront toujours propos\u00e9s. &nbsp; Comment \u00e7a se passe une journ\u00e9e\u2009? -D\u00e9part entre 7h30 et 9h30 suivant la journ\u00e9e [&hellip;]<\/p>\n","protected":false},"author":1,"featured_media":147,"parent":0,"menu_order":0,"comment_status":"closed","ping_status":"closed","template":"","meta":{"footnotes":""},"class_list":["post-19","page","type-page","status-publish","has-post-thumbnail","hentry"],"translation":{"provider":"WPGlobus","version":"3.0.0","language":"en","enabled_languages":["fr","en","es","de"],"languages":{"fr":{"title":true,"content":true,"excerpt":false},"en":{"title":false,"content":false,"excerpt":false},"es":{"title":false,"content":false,"excerpt":false},"de":{"title":true,"content":false,"excerpt":false}}},"_links":{"self":[{"href":"https:\/\/geridamoto.com\/en\/wp-json\/wp\/v2\/pages\/19","targetHints":{"allow":["GET"]}}],"collection":[{"href":"https:\/\/geridamoto.com\/en\/wp-json\/wp\/v2\/pages"}],"about":[{"href":"https:\/\/geridamoto.com\/en\/wp-json\/wp\/v2\/types\/page"}],"author":[{"embeddable":true,"href":"https:\/\/geridamoto.com\/en\/wp-json\/wp\/v2\/users\/1"}],"replies":[{"embeddable":true,"href":"https:\/\/geridamoto.com\/en\/wp-json\/wp\/v2\/comments?post=19"}],"version-history":[{"count":46,"href":"https:\/\/geridamoto.com\/en\/wp-json\/wp\/v2\/pages\/19\/revisions"}],"predecessor-version":[{"id":1385,"href":"https:\/\/geridamoto.com\/en\/wp-json\/wp\/v2\/pages\/19\/revisions\/1385"}],"wp:featuredmedia":[{"embeddable":true,"href":"https:\/\/geridamoto.com\/en\/wp-json\/wp\/v2\/media\/147"}],"wp:attachment":[{"href":"https:\/\/geridamoto.com\/en\/wp-json\/wp\/v2\/media?parent=19"}],"curies":[{"name":"wp","href":"https:\/\/api.w.org\/{rel}","templated":true}]}}