{"id":1113,"date":"2021-10-25T11:15:11","date_gmt":"2021-10-25T09:15:11","guid":{"rendered":"https:\/\/geridamoto.com\/?page_id=1113"},"modified":"2024-08-30T14:45:24","modified_gmt":"2024-08-30T12:45:24","slug":"prochaines-balades","status":"publish","type":"page","link":"https:\/\/geridamoto.com\/en\/prochaines-balades\/","title":{"rendered":"Balade \u00e0 moto dans le Jura : plus enivrant que le vin jaune ! 15\/09\/24"},"content":{"rendered":"<table class=\"m_6067026982105113842r2-o\" role=\"presentation\" border=\"0\" width=\"100%\" cellspacing=\"0\" cellpadding=\"0\" align=\"center\">\n<tbody>\n<tr>\n<td class=\"m_6067026982105113842r3-i\">\n<table role=\"presentation\" border=\"0\" width=\"100%\" cellspacing=\"0\" cellpadding=\"0\">\n<tbody>\n<tr>\n<th class=\"m_6067026982105113842r4-c\" valign=\"top\" width=\"100%\">\n<table class=\"m_6067026982105113842r5-o\" role=\"presentation\" border=\"0\" width=\"100%\" cellspacing=\"0\" cellpadding=\"0\">\n<tbody>\n<tr>\n<td class=\"m_6067026982105113842r6-i\" valign=\"top\">\n<table role=\"presentation\" border=\"0\" width=\"100%\" cellspacing=\"0\" cellpadding=\"0\">\n<tbody>\n<tr>\n<td class=\"m_6067026982105113842r10-c\" align=\"left\">\n<table class=\"m_6067026982105113842r11-o\" role=\"presentation\" border=\"0\" width=\"100%\" cellspacing=\"0\" cellpadding=\"0\">\n<tbody>\n<tr>\n<td class=\"m_6067026982105113842r12-i m_6067026982105113842nl2go-default-textstyle\" align=\"center\" valign=\"top\">\n<div>\n<p><strong>Balade \u00e0 moto dans le Jura : plus exaltant qu&#8217;une gorg\u00e9e de vin jaune !<\/strong><\/p>\n<p>Besoin de vous \u00e9vader un peu ? Et non, on ne parle pas de cette sensation apr\u00e8s un verre de vin jaune&#8230; mais plut\u00f4t de celle que procure le rugissement de votre moto sur les routes tortueuses du Jura.<\/p>\n<p><img decoding=\"async\" class=\"an1\" draggable=\"false\" src=\"https:\/\/fonts.gstatic.com\/s\/e\/notoemoji\/15.1\/1f374\/32.png\" alt=\"\" data-emoji=\"\" aria-label=\"\" \/> <strong>Une pause gourmande avec les saveurs locales&#8230;\u00a0<\/strong><\/p>\n<p>Pause d\u00e9jeuner ! Savourez des mets locaux ! Attention, apr\u00e8s un tel repas, il se pourrait que votre moto penche un peu plus dans les virages&#8230; de bonheur !<\/p>\n<p><img decoding=\"async\" class=\"an1\" draggable=\"false\" src=\"https:\/\/fonts.gstatic.com\/s\/e\/notoemoji\/15.1\/1f3f0\/32.png\" alt=\"\" data-emoji=\"\" aria-label=\"\" \/> <strong>Visitez le Fort des Rousses !<\/strong><\/p>\n<p>Apr\u00e8s un repas revigorant, direction le Fort des Rousses ! Ancienne forteresse militaire, elle est aujourd&#8217;hui reconvertie en site touristique et en caves d&#8217;affinage de fromages. Plongez dans l&#8217;histoire locale et d\u00e9couvrez les secrets de fabrication du c\u00e9l\u00e8bre Comt\u00e9 du Jura.<\/p>\n<p><img decoding=\"async\" class=\"an1\" draggable=\"false\" src=\"https:\/\/fonts.gstatic.com\/s\/e\/notoemoji\/15.1\/1f4c6\/32.png\" alt=\"\" data-emoji=\"\" aria-label=\"\" \/> <strong>R\u00e9servez vite : avant que votre moto ne d\u00e9cide d&#8217;y aller sans vous !<\/strong><\/p>\n<p>Allez, on sait que votre deux-roues est d\u00e9j\u00e0 impatient. Alors, que vous soyez plus rapide que le Comt\u00e9 fondant sur une raclette ou que vous preniez votre temps comme un vin jaune qui vieillit, rejoignez-nous pour cette escapade hors du commun !<\/p>\n<p>&nbsp;<\/p>\n<\/div>\n<\/td>\n<\/tr>\n<\/tbody>\n<\/table>\n<\/td>\n<\/tr>\n<\/tbody>\n<\/table>\n<\/td>\n<\/tr>\n<\/tbody>\n<\/table>\n<\/th>\n<\/tr>\n<\/tbody>\n<\/table>\n<\/td>\n<\/tr>\n<\/tbody>\n<\/table>\n<table class=\"m_6067026982105113842r2-o\" role=\"presentation\" border=\"0\" width=\"100%\" cellspacing=\"0\" cellpadding=\"0\" align=\"center\">\n<tbody>\n<tr>\n<td class=\"m_6067026982105113842r3-i\">\n<table role=\"presentation\" border=\"0\" width=\"100%\" cellspacing=\"0\" cellpadding=\"0\">\n<tbody>\n<tr>\n<th class=\"m_6067026982105113842r4-c\" valign=\"top\" width=\"100%\">\n<table class=\"m_6067026982105113842r5-o\" role=\"presentation\" border=\"0\" width=\"100%\" cellspacing=\"0\" cellpadding=\"0\">\n<tbody>\n<tr>\n<td class=\"m_6067026982105113842r6-i\" valign=\"top\">\n<table style=\"height: 511px;\" role=\"presentation\" border=\"0\" width=\"565\" cellspacing=\"0\" cellpadding=\"0\">\n<tbody>\n<tr>\n<td class=\"m_6067026982105113842r7-c m_6067026982105113842nl2go-default-textstyle\" align=\"left\">\n<div>\n<ul>\n<li>D\u00e9part \u00e0 7h30 de D\u00e9cathlon Beynost<\/li>\n<li>3h de route avec une pause au milieu, possibilit\u00e9 d&#8217;acheter du Comt\u00e9 et autres fromages d&#8217;une fruiti\u00e8re dans l&#8217;Ain au rapport qualit\u00e9 prix imbattable avant de rejoindre le Jura.<\/li>\n<li>Repas !<\/li>\n<li>Visite de 1h30 du fort les rousses et ses caves \u00e0 Comt\u00e9<\/li>\n<li>On repart pour 1h15 de routes pour une arriv\u00e9e au alentours d&#8217;Oyonnax !<\/li>\n<\/ul>\n<p>&nbsp;<\/p>\n<p>Le repas, la visite et l&#8217;accompagnateur moto, tout est inclus.<\/p>\n<p>Environ 250 km de Beynost \u00e0 Oyonnax sur la journ\u00e9e.<\/p>\n<p>Vous voulez nous rejoindre en cours de route, contactez nous !<\/p>\n<p>&nbsp;<\/p>\n<p>Nourrissez vous bien et \u00e0 bient\u00f4t pour prendre des kilos !<\/p>\n<\/div>\n<\/td>\n<\/tr>\n<\/tbody>\n<\/table>\n<\/td>\n<\/tr>\n<\/tbody>\n<\/table>\n<\/th>\n<\/tr>\n<\/tbody>\n<\/table>\n<\/td>\n<\/tr>\n<\/tbody>\n<\/table>\n","protected":false},"excerpt":{"rendered":"<p>Balade \u00e0 moto dans le Jura : plus exaltant qu&#8217;une gorg\u00e9e de vin jaune ! Besoin de vous \u00e9vader un peu ? Et non, on ne parle pas de cette sensation apr\u00e8s un verre de vin jaune&#8230; mais plut\u00f4t de celle que procure le rugissement de votre moto sur les routes tortueuses du Jura. Une [&hellip;]<\/p>\n","protected":false},"author":1,"featured_media":146,"parent":0,"menu_order":0,"comment_status":"closed","ping_status":"closed","template":"","meta":{"footnotes":""},"class_list":["post-1113","page","type-page","status-publish","has-post-thumbnail","hentry"],"translation":{"provider":"WPGlobus","version":"3.0.0","language":"en","enabled_languages":["fr","en","es","de"],"languages":{"fr":{"title":true,"content":true,"excerpt":false},"en":{"title":false,"content":false,"excerpt":false},"es":{"title":false,"content":false,"excerpt":false},"de":{"title":false,"content":false,"excerpt":false}}},"_links":{"self":[{"href":"https:\/\/geridamoto.com\/en\/wp-json\/wp\/v2\/pages\/1113","targetHints":{"allow":["GET"]}}],"collection":[{"href":"https:\/\/geridamoto.com\/en\/wp-json\/wp\/v2\/pages"}],"about":[{"href":"https:\/\/geridamoto.com\/en\/wp-json\/wp\/v2\/types\/page"}],"author":[{"embeddable":true,"href":"https:\/\/geridamoto.com\/en\/wp-json\/wp\/v2\/users\/1"}],"replies":[{"embeddable":true,"href":"https:\/\/geridamoto.com\/en\/wp-json\/wp\/v2\/comments?post=1113"}],"version-history":[{"count":12,"href":"https:\/\/geridamoto.com\/en\/wp-json\/wp\/v2\/pages\/1113\/revisions"}],"predecessor-version":[{"id":1213,"href":"https:\/\/geridamoto.com\/en\/wp-json\/wp\/v2\/pages\/1113\/revisions\/1213"}],"wp:featuredmedia":[{"embeddable":true,"href":"https:\/\/geridamoto.com\/en\/wp-json\/wp\/v2\/media\/146"}],"wp:attachment":[{"href":"https:\/\/geridamoto.com\/en\/wp-json\/wp\/v2\/media?parent=1113"}],"curies":[{"name":"wp","href":"https:\/\/api.w.org\/{rel}","templated":true}]}}