{"id":1082,"date":"2021-10-04T10:52:18","date_gmt":"2021-10-04T08:52:18","guid":{"rendered":"https:\/\/geridamoto.com\/?page_id=1082"},"modified":"2025-01-21T09:39:38","modified_gmt":"2025-01-21T08:39:38","slug":"balade-a-moto-dans-lain","status":"publish","type":"page","link":"https:\/\/geridamoto.com\/en\/balade-a-moto-dans-lain\/","title":{"rendered":"Balade \u00e0 moto dans l&#8217;Ain"},"content":{"rendered":"<p>&nbsp;<\/p>\n<h2 style=\"text-align: center;\">Plaines, vall\u00e9es montagnes, lacs et cols, dans l&#8217;Ain, on ne manque de rien !<\/h2>\n<p style=\"text-align: center;\">C&#8217;est le d\u00e9partements ou j&#8217;ai grandi et c&#8217;est \u00e0 cette endroit que le concept de Geridamoto est n\u00e9. L&#8217; Ain est compos\u00e9 de reliefs tr\u00e8s diff\u00e9rents, cela permet de vari\u00e9 les plaisirs d&#8217; \u00eatre sur une m\u00eame journ\u00e9e au milieux des Dombes ou en altitude dans le Bugey. Il y a beaucoup de routes peux emprunt\u00e9s, Le haut Valromey, le grand Colombiers, les nombreuses cascades et nombreux lacs, les points de vues sont magnifiques. Les routes droites sont aussi nombreuses que celles \u00e0 virages mais ne vous inqui\u00e9tez pas, on a choisi celles qui tournent.<\/p>\n<h2 style=\"text-align: center;\">Des produits locaux aussi vari\u00e9s que ses reliefs<\/h2>\n<p style=\"text-align: center;\">Il y en aura pour tous les gouts. Un producteur de b\u0153uf Wagyu, r\u00e9put\u00e9 comme l&#8217;une des meilleurs viandes au monde, des fromages comme le fameux cont\u00e9, des vins du Bugey, des bi\u00e8res artisanales, du chocolat, du piment, n&#8217;attendez plus et venez d\u00e9guster!<\/p>\n<p><iframe loading=\"lazy\" width=\"560\" height=\"315\" src=\"https:\/\/www.youtube.com\/embed\/CTB9Qvbh-Hw?si=kZ30gxpm8nuAGt75\" title=\"YouTube video player\" frameborder=\"0\" allow=\"accelerometer; autoplay; clipboard-write; encrypted-media; gyroscope; picture-in-picture; web-share\" referrerpolicy=\"strict-origin-when-cross-origin\" allowfullscreen><\/iframe><\/p>\n<p><iframe loading=\"lazy\" width=\"560\" height=\"315\" src=\"https:\/\/www.youtube.com\/embed\/Xmct7SY19uY?si=bIdg-i24-rVtICZG\" title=\"YouTube video player\" frameborder=\"0\" allow=\"accelerometer; autoplay; clipboard-write; encrypted-media; gyroscope; picture-in-picture; web-share\" referrerpolicy=\"strict-origin-when-cross-origin\" allowfullscreen><\/iframe><\/p>\n","protected":false},"excerpt":{"rendered":"<p>&nbsp; Plaines, vall\u00e9es montagnes, lacs et cols, dans l&#8217;Ain, on ne manque de rien ! C&#8217;est le d\u00e9partements ou j&#8217;ai grandi et c&#8217;est \u00e0 cette endroit que le concept de Geridamoto est n\u00e9. L&#8217; Ain est compos\u00e9 de reliefs tr\u00e8s diff\u00e9rents, cela permet de vari\u00e9 les plaisirs d&#8217; \u00eatre sur une m\u00eame journ\u00e9e au milieux [&hellip;]<\/p>\n","protected":false},"author":1,"featured_media":0,"parent":0,"menu_order":0,"comment_status":"closed","ping_status":"closed","template":"","meta":{"footnotes":""},"class_list":["post-1082","page","type-page","status-publish","hentry"],"translation":{"provider":"WPGlobus","version":"3.0.0","language":"en","enabled_languages":["fr","en","es","de"],"languages":{"fr":{"title":true,"content":true,"excerpt":false},"en":{"title":false,"content":false,"excerpt":false},"es":{"title":false,"content":false,"excerpt":false},"de":{"title":false,"content":false,"excerpt":false}}},"_links":{"self":[{"href":"https:\/\/geridamoto.com\/en\/wp-json\/wp\/v2\/pages\/1082","targetHints":{"allow":["GET"]}}],"collection":[{"href":"https:\/\/geridamoto.com\/en\/wp-json\/wp\/v2\/pages"}],"about":[{"href":"https:\/\/geridamoto.com\/en\/wp-json\/wp\/v2\/types\/page"}],"author":[{"embeddable":true,"href":"https:\/\/geridamoto.com\/en\/wp-json\/wp\/v2\/users\/1"}],"replies":[{"embeddable":true,"href":"https:\/\/geridamoto.com\/en\/wp-json\/wp\/v2\/comments?post=1082"}],"version-history":[{"count":10,"href":"https:\/\/geridamoto.com\/en\/wp-json\/wp\/v2\/pages\/1082\/revisions"}],"predecessor-version":[{"id":1378,"href":"https:\/\/geridamoto.com\/en\/wp-json\/wp\/v2\/pages\/1082\/revisions\/1378"}],"wp:attachment":[{"href":"https:\/\/geridamoto.com\/en\/wp-json\/wp\/v2\/media?parent=1082"}],"curies":[{"name":"wp","href":"https:\/\/api.w.org\/{rel}","templated":true}]}}