{"id":68,"date":"2019-02-23T08:37:02","date_gmt":"2019-02-23T07:37:02","guid":{"rendered":"http:\/\/localhost\/wordpress-4.9.4-fr_fr\/wordpress\/?page_id=68"},"modified":"2025-01-21T11:47:20","modified_gmt":"2025-01-21T10:47:20","slug":"massif-du-vercors","status":"publish","type":"page","link":"https:\/\/geridamoto.com\/de\/nos-balades-a-moto\/massif-du-vercors\/","title":{"rendered":"Balade \u00e0 Moto sur le Massif du Vercors"},"content":{"rendered":"\r\n<h2 class=\"entry-title\">4 ou 5 jours de moto en pension compl\u00e8te<\/h2>\r\n<p>Das Museum der W\u00fcste<\/p>\r\n<p>Die W\u00fcste ist in der Geschichte des franz\u00f6sischen Protestantismus die Zeit, die sich von der Widerrufung des Edikts von Nantes durch Louis XIV. (1685) bis zum Toleranzedikt (1787) erstreckt, mit dem Louis XVI. den Nichtkatholiken ihren B\u00fcrgerstand zur\u00fcckgab \u2013 eine Epoche, in der der Widerstand der Protestanten kurze Zeit bewaffnet (der Kamisardenkrieg), meist friedlich, immer gef\u00e4hrlich und ausschlaggebend f\u00fcr das Weiterbestehen der reformierten Religion in Frankreich war.<\/p>\r\n<p><iframe loading=\"lazy\" title=\"Les C\u00e9vennes\" width=\"640\" height=\"360\" src=\"https:\/\/www.youtube.com\/embed\/DBCRaT_sSto?feature=oembed\" frameborder=\"0\" allow=\"accelerometer; autoplay; clipboard-write; encrypted-media; gyroscope; picture-in-picture; web-share\" referrerpolicy=\"strict-origin-when-cross-origin\" allowfullscreen><\/iframe><\/p>\r\n\r\n<p>Entre 1100 et 1400 kms de routes \u00e0 travers les r\u00e9gions des Aravis, des Bauges, de la Chartreuse, du Vercors, de l\u2019Ard\u00e8che, du Pilat, du Morvan, de la Bourgogne, du Jura pour ne citer que les plus connu pour aller \u00e0 la rencontre de l\u2019histoire, des habitants, pour d\u00e9couvrir des paysages diff\u00e9rents et plus beau les uns que les autres, pour go\u00fbter les sp\u00e9cialit\u00e9s de chacun d\u2019eux que ce soit du fromages, des fruits ou des l\u00e9gumes ou des vins , des liqueurs, des bi\u00e8res mais aussi pour d\u00e9couvrir une des derni\u00e8re tournerie en activit\u00e9, le plus haut observatoire m\u00e9t\u00e9o habit\u00e9e, etc\u2026<\/p>","protected":false},"excerpt":{"rendered":"<p>4 ou 5 jours de moto en pension compl\u00e8te Das Museum der W\u00fcste Die W\u00fcste ist in der Geschichte des franz\u00f6sischen Protestantismus die Zeit, die sich von der Widerrufung des Edikts von Nantes durch Louis XIV. (1685) bis zum Toleranzedikt (1787) erstreckt, mit dem Louis XVI. den Nichtkatholiken ihren B\u00fcrgerstand zur\u00fcckgab \u2013 eine Epoche, in [&hellip;]<\/p>\n","protected":false},"author":1,"featured_media":0,"parent":13,"menu_order":0,"comment_status":"open","ping_status":"closed","template":"","meta":{"footnotes":""},"class_list":["post-68","page","type-page","status-publish","hentry"],"translation":{"provider":"WPGlobus","version":"3.0.0","language":"de","enabled_languages":["fr","en","es","de"],"languages":{"fr":{"title":true,"content":true,"excerpt":false},"en":{"title":false,"content":false,"excerpt":false},"es":{"title":false,"content":false,"excerpt":false},"de":{"title":false,"content":true,"excerpt":false}}},"_links":{"self":[{"href":"https:\/\/geridamoto.com\/de\/wp-json\/wp\/v2\/pages\/68","targetHints":{"allow":["GET"]}}],"collection":[{"href":"https:\/\/geridamoto.com\/de\/wp-json\/wp\/v2\/pages"}],"about":[{"href":"https:\/\/geridamoto.com\/de\/wp-json\/wp\/v2\/types\/page"}],"author":[{"embeddable":true,"href":"https:\/\/geridamoto.com\/de\/wp-json\/wp\/v2\/users\/1"}],"replies":[{"embeddable":true,"href":"https:\/\/geridamoto.com\/de\/wp-json\/wp\/v2\/comments?post=68"}],"version-history":[{"count":17,"href":"https:\/\/geridamoto.com\/de\/wp-json\/wp\/v2\/pages\/68\/revisions"}],"predecessor-version":[{"id":1381,"href":"https:\/\/geridamoto.com\/de\/wp-json\/wp\/v2\/pages\/68\/revisions\/1381"}],"up":[{"embeddable":true,"href":"https:\/\/geridamoto.com\/de\/wp-json\/wp\/v2\/pages\/13"}],"wp:attachment":[{"href":"https:\/\/geridamoto.com\/de\/wp-json\/wp\/v2\/media?parent=68"}],"curies":[{"name":"wp","href":"https:\/\/api.w.org\/{rel}","templated":true}]}}