{"id":2,"date":"2018-03-08T22:03:04","date_gmt":"2018-03-08T21:03:04","guid":{"rendered":"http:\/\/localhost\/wordpress-4.9.4-fr_fr\/wordpress\/?page_id=2"},"modified":"2025-01-21T15:41:07","modified_gmt":"2025-01-21T14:41:07","slug":"monts-du-lyonnais-et-mont-du-pilat","status":"publish","type":"page","link":"https:\/\/geridamoto.com\/de\/nos-balades-a-moto\/monts-du-lyonnais-et-mont-du-pilat\/","title":{"rendered":"Murmeltiere und Reblochon-K\u00e4se"},"content":{"rendered":"<p>Auf gehts! f\u00fcr unwahrscheinlich Begebnung. Die Abondance-K\u00fche befinden sich m\u00f6glichenweise in der Mitte des Strass. Wir werden h\u00f6ren der Pfiff fr\u00f6hlich Murmeltiere. Wir gehen zu den Bauernf\u00f6fen um den Reblochon-k\u00e4se zu probieren und wir werden bewundern Mont-Blanc Berg.<\/p>\n","protected":false},"excerpt":{"rendered":"<p>Auf gehts! f\u00fcr unwahrscheinlich Begebnung. Die Abondance-K\u00fche befinden sich m\u00f6glichenweise in der Mitte des Strass. Wir werden h\u00f6ren der Pfiff fr\u00f6hlich Murmeltiere. Wir gehen zu den Bauernf\u00f6fen um den Reblochon-k\u00e4se zu probieren und wir werden bewundern Mont-Blanc Berg.<\/p>\n","protected":false},"author":1,"featured_media":0,"parent":13,"menu_order":0,"comment_status":"closed","ping_status":"closed","template":"","meta":{"footnotes":""},"class_list":["post-2","page","type-page","status-publish","hentry"],"translation":{"provider":"WPGlobus","version":"3.0.0","language":"de","enabled_languages":["fr","en","es","de"],"languages":{"fr":{"title":true,"content":true,"excerpt":false},"en":{"title":false,"content":false,"excerpt":false},"es":{"title":false,"content":false,"excerpt":false},"de":{"title":true,"content":true,"excerpt":false}}},"_links":{"self":[{"href":"https:\/\/geridamoto.com\/de\/wp-json\/wp\/v2\/pages\/2","targetHints":{"allow":["GET"]}}],"collection":[{"href":"https:\/\/geridamoto.com\/de\/wp-json\/wp\/v2\/pages"}],"about":[{"href":"https:\/\/geridamoto.com\/de\/wp-json\/wp\/v2\/types\/page"}],"author":[{"embeddable":true,"href":"https:\/\/geridamoto.com\/de\/wp-json\/wp\/v2\/users\/1"}],"replies":[{"embeddable":true,"href":"https:\/\/geridamoto.com\/de\/wp-json\/wp\/v2\/comments?post=2"}],"version-history":[{"count":18,"href":"https:\/\/geridamoto.com\/de\/wp-json\/wp\/v2\/pages\/2\/revisions"}],"predecessor-version":[{"id":1387,"href":"https:\/\/geridamoto.com\/de\/wp-json\/wp\/v2\/pages\/2\/revisions\/1387"}],"up":[{"embeddable":true,"href":"https:\/\/geridamoto.com\/de\/wp-json\/wp\/v2\/pages\/13"}],"wp:attachment":[{"href":"https:\/\/geridamoto.com\/de\/wp-json\/wp\/v2\/media?parent=2"}],"curies":[{"name":"wp","href":"https:\/\/api.w.org\/{rel}","templated":true}]}}