{"id":131,"date":"2019-02-23T22:35:40","date_gmt":"2019-02-23T21:35:40","guid":{"rendered":"http:\/\/localhost\/wordpress-4.9.4-fr_fr\/wordpress\/?page_id=131"},"modified":"2021-10-14T09:23:13","modified_gmt":"2021-10-14T07:23:13","slug":"qui-sommes-nous","status":"publish","type":"page","link":"https:\/\/geridamoto.com\/de\/qui-sommes-nous\/","title":{"rendered":"Qui sommes nous ?"},"content":{"rendered":"<p>Bikerfreunde willkommen !<\/p>\n<p>Meine Mission ist es, dass Sie ein menschliches Abenteuer erleben. Ich nehme Sie au\u00dferhalb von touristenroute treffen den k\u00e4ses herstellerinen, weinbaueren, brauer, bauer, usw.<\/p>\n<blockquote><p>Der Stra\u00dfe, dass du ausw\u00e4hlst ist genauso wichtig wie das Reiseziel<\/p><\/blockquote>\n","protected":false},"excerpt":{"rendered":"<p>Bikerfreunde willkommen ! Meine Mission ist es, dass Sie ein menschliches Abenteuer erleben. Ich nehme Sie au\u00dferhalb von touristenroute treffen den k\u00e4ses herstellerinen, weinbaueren, brauer, bauer, usw. Der Stra\u00dfe, dass du ausw\u00e4hlst ist genauso wichtig wie das Reiseziel<\/p>\n","protected":false},"author":1,"featured_media":1108,"parent":0,"menu_order":0,"comment_status":"closed","ping_status":"closed","template":"","meta":{"footnotes":""},"class_list":["post-131","page","type-page","status-publish","has-post-thumbnail","hentry"],"translation":{"provider":"WPGlobus","version":"3.0.0","language":"de","enabled_languages":["fr","en","es","de"],"languages":{"fr":{"title":true,"content":true,"excerpt":false},"en":{"title":true,"content":true,"excerpt":false},"es":{"title":false,"content":false,"excerpt":false},"de":{"title":false,"content":true,"excerpt":false}}},"_links":{"self":[{"href":"https:\/\/geridamoto.com\/de\/wp-json\/wp\/v2\/pages\/131","targetHints":{"allow":["GET"]}}],"collection":[{"href":"https:\/\/geridamoto.com\/de\/wp-json\/wp\/v2\/pages"}],"about":[{"href":"https:\/\/geridamoto.com\/de\/wp-json\/wp\/v2\/types\/page"}],"author":[{"embeddable":true,"href":"https:\/\/geridamoto.com\/de\/wp-json\/wp\/v2\/users\/1"}],"replies":[{"embeddable":true,"href":"https:\/\/geridamoto.com\/de\/wp-json\/wp\/v2\/comments?post=131"}],"version-history":[{"count":27,"href":"https:\/\/geridamoto.com\/de\/wp-json\/wp\/v2\/pages\/131\/revisions"}],"predecessor-version":[{"id":1109,"href":"https:\/\/geridamoto.com\/de\/wp-json\/wp\/v2\/pages\/131\/revisions\/1109"}],"wp:featuredmedia":[{"embeddable":true,"href":"https:\/\/geridamoto.com\/de\/wp-json\/wp\/v2\/media\/1108"}],"wp:attachment":[{"href":"https:\/\/geridamoto.com\/de\/wp-json\/wp\/v2\/media?parent=131"}],"curies":[{"name":"wp","href":"https:\/\/api.w.org\/{rel}","templated":true}]}}