{"id":13,"date":"2018-03-08T22:13:38","date_gmt":"2018-03-08T21:13:38","guid":{"rendered":"http:\/\/localhost\/wordpress-4.9.4-fr_fr\/wordpress\/?page_id=13"},"modified":"2025-01-21T15:46:51","modified_gmt":"2025-01-21T14:46:51","slug":"nos-balades-a-moto","status":"publish","type":"page","link":"https:\/\/geridamoto.com\/de\/nos-balades-a-moto\/","title":{"rendered":"Unsere Motorradfahrten"},"content":{"rendered":"<p><span style=\"font-weight: 400;\">Toutes nos balades ont le m\u00eame concept, des virages et des d\u00e9gustations.\u00a0<\/span><\/p>\n<p><span style=\"font-weight: 400;\">Voici une balade type:<\/span><\/p>\n<ul>\n<li><span style=\"font-weight: 400;\">Briefing avec petit dej le matin.<\/span><\/li>\n<li><span style=\"font-weight: 400;\">5h de route entrecoup\u00e9 d&#8217;une visite ou deux de producteurs<\/span><\/li>\n<li><span style=\"font-weight: 400;\">repas le midi (restaurant ou pique nique suivant la formule avec toujours des produits locaux)<\/span><\/li>\n<li><span style=\"font-weight: 400;\">Ap\u00e9ro de produits locaux sur place ou \u00e0 emporter.<\/span><\/li>\n<\/ul>\n<p><span style=\"font-weight: 400;\">Repas du soir et couchage si formule pension compl\u00e8te.<\/span><\/p>\n<h2><\/h2>\n<p><span style=\"font-weight: 400;\">Chaque endroit propos\u00e9 est parcouru en une journ\u00e9e avec environ 5h de conduite.<\/span><\/p>\n<p><span style=\"font-weight: 400;\">Vous pouvez prolonger le plaisir en choisissant pour les jours suivants des balades voisines.<\/span><\/p>\n<p>Que l\u2019on soit motard d\u00e9butant ou confirm\u00e9, chacun trouvera son plaisir sur les balades propos\u00e9es.<\/p>\n<p>Les participants se d\u00e9placent avec leur moto.<\/p>\n<p>Ils peuvent venir en groupe d\u00e9j\u00e0 constitu\u00e9, ou nous ferons des groupes pour les personnes seules. Le s\u00e9jour peut-\u00eatre privatis\u00e9 avec un suppl\u00e9ment.<\/p>\n<p>Un couple peut emmener une troisi\u00e8me personne qui prend place en tant que passager derri\u00e8re le guide.<\/p>\n<p>Une personne seule ne voulant \u00eatre que passager peu r\u00e9server un s\u00e9jour<\/p>\n<p>Le plaisir et la s\u00e9curit\u00e9 seront les ma\u00eetres mots.<\/p>\n","protected":false},"excerpt":{"rendered":"<p>Toutes nos balades ont le m\u00eame concept, des virages et des d\u00e9gustations.\u00a0 Voici une balade type: Briefing avec petit dej le matin. 5h de route entrecoup\u00e9 d&#8217;une visite ou deux de producteurs repas le midi (restaurant ou pique nique suivant la formule avec toujours des produits locaux) Ap\u00e9ro de produits locaux sur place ou \u00e0 [&hellip;]<\/p>\n","protected":false},"author":1,"featured_media":233,"parent":0,"menu_order":0,"comment_status":"closed","ping_status":"closed","template":"","meta":{"footnotes":""},"class_list":["post-13","page","type-page","status-publish","has-post-thumbnail","hentry"],"translation":{"provider":"WPGlobus","version":"3.0.0","language":"de","enabled_languages":["fr","en","es","de"],"languages":{"fr":{"title":true,"content":true,"excerpt":false},"en":{"title":false,"content":false,"excerpt":false},"es":{"title":false,"content":false,"excerpt":false},"de":{"title":true,"content":false,"excerpt":false}}},"_links":{"self":[{"href":"https:\/\/geridamoto.com\/de\/wp-json\/wp\/v2\/pages\/13","targetHints":{"allow":["GET"]}}],"collection":[{"href":"https:\/\/geridamoto.com\/de\/wp-json\/wp\/v2\/pages"}],"about":[{"href":"https:\/\/geridamoto.com\/de\/wp-json\/wp\/v2\/types\/page"}],"author":[{"embeddable":true,"href":"https:\/\/geridamoto.com\/de\/wp-json\/wp\/v2\/users\/1"}],"replies":[{"embeddable":true,"href":"https:\/\/geridamoto.com\/de\/wp-json\/wp\/v2\/comments?post=13"}],"version-history":[{"count":23,"href":"https:\/\/geridamoto.com\/de\/wp-json\/wp\/v2\/pages\/13\/revisions"}],"predecessor-version":[{"id":1388,"href":"https:\/\/geridamoto.com\/de\/wp-json\/wp\/v2\/pages\/13\/revisions\/1388"}],"wp:featuredmedia":[{"embeddable":true,"href":"https:\/\/geridamoto.com\/de\/wp-json\/wp\/v2\/media\/233"}],"wp:attachment":[{"href":"https:\/\/geridamoto.com\/de\/wp-json\/wp\/v2\/media?parent=13"}],"curies":[{"name":"wp","href":"https:\/\/api.w.org\/{rel}","templated":true}]}}